{"id":993,"date":"2020-08-25T15:49:41","date_gmt":"2020-08-25T19:49:41","guid":{"rendered":"http:\/\/germainelabs.wpengine.com\/?page_id=993"},"modified":"2020-09-16T14:58:22","modified_gmt":"2020-09-16T18:58:22","slug":"contacto","status":"publish","type":"page","link":"https:\/\/www.germainelabs.com\/es\/contacto\/","title":{"rendered":"Contacto"},"content":{"rendered":"<div id=\"cs-content\" class=\"cs-content\"><\/div>\n","protected":false},"excerpt":{"rendered":"<p>ContactoSi tiene preguntas sobre nuestros productos o necesita asistencia t\u00e9cnica, por favor, comun\u00edquese con nosotros llamando (800) 854-8446 o m\u00e1ndanos un mensaje. Nombre* Primero Apellido Email* Tel\u00e9fono*Mensage*CAPTCHAEmailEste campo es un campo de validaci\u00f3n y debe quedar sin cambios. &#916; Servicio al Cliente Nuestros representantes de servicio al cliente est\u00e1n disponibles para responder sus preguntas acerca de cualquiera de nuestros productos. &#8230; <a href=\"https:\/\/www.germainelabs.com\/es\/contacto\/\" class=\"more-link\">Read More<\/a><\/p>\n","protected":false},"author":7,"featured_media":0,"parent":0,"menu_order":0,"comment_status":"closed","ping_status":"closed","template":"template-blank-4.php","meta":{"footnotes":""},"class_list":["post-993","page","type-page","status-publish","hentry","no-post-thumbnail"],"yoast_head":"<!-- This site is optimized with the Yoast SEO plugin v24.5 - https:\/\/yoast.com\/wordpress\/plugins\/seo\/ -->\n<title>Contacto - Germaine Laboratories<\/title>\n<meta name=\"robots\" content=\"index, follow, max-snippet:-1, max-image-preview:large, max-video-preview:-1\" \/>\n<link rel=\"canonical\" href=\"https:\/\/www.germainelabs.com\/contact\/\" \/>\n<meta property=\"og:locale\" content=\"es_ES\" \/>\n<meta property=\"og:type\" content=\"article\" \/>\n<meta property=\"og:title\" content=\"Contacto - Germaine Laboratories\" \/>\n<meta property=\"og:description\" content=\"ContactoSi tiene preguntas sobre nuestros productos o necesita asistencia t\u00e9cnica, por favor, comun\u00edquese con nosotros llamando (800) 854-8446 o m\u00e1ndanos un mensaje. Nombre* Primero Apellido Email* Tel\u00e9fono*Mensage*CAPTCHAEmailEste campo es un campo de validaci\u00f3n y debe quedar sin cambios. &#916; Servicio al Cliente Nuestros representantes de servicio al cliente est\u00e1n disponibles para responder sus preguntas acerca de cualquiera de nuestros productos. ... Read More\" \/>\n<meta property=\"og:url\" content=\"https:\/\/www.germainelabs.com\/contact\/\" \/>\n<meta property=\"og:site_name\" content=\"Germaine Laboratories\" \/>\n<meta property=\"article:modified_time\" content=\"2020-09-16T18:58:22+00:00\" \/>\n<meta property=\"og:image\" content=\"http:\/\/germainelabs.com\/wp-content\/uploads\/2020\/08\/Germaine-Laboratories-Logo.png\" \/>\n<meta name=\"twitter:card\" content=\"summary_large_image\" \/>\n<meta name=\"twitter:label1\" content=\"Est. reading time\" \/>\n\t<meta name=\"twitter:data1\" content=\"3 minutos\" \/>\n<script type=\"application\/ld+json\" class=\"yoast-schema-graph\">{\"@context\":\"https:\/\/schema.org\",\"@graph\":[{\"@type\":\"WebPage\",\"@id\":\"https:\/\/www.germainelabs.com\/contact\/\",\"url\":\"https:\/\/www.germainelabs.com\/contact\/\",\"name\":\"Contacto - Germaine Laboratories\",\"isPartOf\":{\"@id\":\"https:\/\/www.germainelabs.com\/#website\"},\"primaryImageOfPage\":{\"@id\":\"https:\/\/www.germainelabs.com\/contact\/#primaryimage\"},\"image\":{\"@id\":\"https:\/\/www.germainelabs.com\/contact\/#primaryimage\"},\"thumbnailUrl\":\"http:\/\/germainelabs.com\/wp-content\/uploads\/2020\/08\/Germaine-Laboratories-Logo.png\",\"datePublished\":\"2020-08-25T19:49:41+00:00\",\"dateModified\":\"2020-09-16T18:58:22+00:00\",\"breadcrumb\":{\"@id\":\"https:\/\/www.germainelabs.com\/contact\/#breadcrumb\"},\"inLanguage\":\"es\",\"potentialAction\":[{\"@type\":\"ReadAction\",\"target\":[\"https:\/\/www.germainelabs.com\/contact\/\"]}]},{\"@type\":\"ImageObject\",\"inLanguage\":\"es\",\"@id\":\"https:\/\/www.germainelabs.com\/contact\/#primaryimage\",\"url\":\"http:\/\/germainelabs.com\/wp-content\/uploads\/2020\/08\/Germaine-Laboratories-Logo.png\",\"contentUrl\":\"http:\/\/germainelabs.com\/wp-content\/uploads\/2020\/08\/Germaine-Laboratories-Logo.png\"},{\"@type\":\"BreadcrumbList\",\"@id\":\"https:\/\/www.germainelabs.com\/contact\/#breadcrumb\",\"itemListElement\":[{\"@type\":\"ListItem\",\"position\":1,\"name\":\"Home\",\"item\":\"https:\/\/www.germainelabs.com\/es\/home-es\/\"},{\"@type\":\"ListItem\",\"position\":2,\"name\":\"Contacto\"}]},{\"@type\":\"WebSite\",\"@id\":\"https:\/\/www.germainelabs.com\/#website\",\"url\":\"https:\/\/www.germainelabs.com\/\",\"name\":\"Germaine Laboratories\",\"description\":\"\",\"publisher\":{\"@id\":\"https:\/\/www.germainelabs.com\/#organization\"},\"potentialAction\":[{\"@type\":\"SearchAction\",\"target\":{\"@type\":\"EntryPoint\",\"urlTemplate\":\"https:\/\/www.germainelabs.com\/?s={search_term_string}\"},\"query-input\":{\"@type\":\"PropertyValueSpecification\",\"valueRequired\":true,\"valueName\":\"search_term_string\"}}],\"inLanguage\":\"es\"},{\"@type\":\"Organization\",\"@id\":\"https:\/\/www.germainelabs.com\/#organization\",\"name\":\"Germaine Laboratories, Inc.\",\"url\":\"https:\/\/www.germainelabs.com\/\",\"logo\":{\"@type\":\"ImageObject\",\"inLanguage\":\"es\",\"@id\":\"https:\/\/www.germainelabs.com\/#\/schema\/logo\/image\/\",\"url\":\"https:\/\/www.germainelabs.com\/wp-content\/uploads\/2020\/08\/Germaine-Laboratories-Logo.png\",\"contentUrl\":\"https:\/\/www.germainelabs.com\/wp-content\/uploads\/2020\/08\/Germaine-Laboratories-Logo.png\",\"width\":900,\"height\":299,\"caption\":\"Germaine Laboratories, Inc.\"},\"image\":{\"@id\":\"https:\/\/www.germainelabs.com\/#\/schema\/logo\/image\/\"}}]}<\/script>\n<!-- \/ Yoast SEO plugin. -->","yoast_head_json":{"title":"Contacto - Germaine Laboratories","robots":{"index":"index","follow":"follow","max-snippet":"max-snippet:-1","max-image-preview":"max-image-preview:large","max-video-preview":"max-video-preview:-1"},"canonical":"https:\/\/www.germainelabs.com\/contact\/","og_locale":"es_ES","og_type":"article","og_title":"Contacto - Germaine Laboratories","og_description":"ContactoSi tiene preguntas sobre nuestros productos o necesita asistencia t\u00e9cnica, por favor, comun\u00edquese con nosotros llamando (800) 854-8446 o m\u00e1ndanos un mensaje. Nombre* Primero Apellido Email* Tel\u00e9fono*Mensage*CAPTCHAEmailEste campo es un campo de validaci\u00f3n y debe quedar sin cambios. &#916; Servicio al Cliente Nuestros representantes de servicio al cliente est\u00e1n disponibles para responder sus preguntas acerca de cualquiera de nuestros productos. ... Read More","og_url":"https:\/\/www.germainelabs.com\/contact\/","og_site_name":"Germaine Laboratories","article_modified_time":"2020-09-16T18:58:22+00:00","og_image":[{"url":"http:\/\/germainelabs.com\/wp-content\/uploads\/2020\/08\/Germaine-Laboratories-Logo.png","type":"","width":"","height":""}],"twitter_card":"summary_large_image","twitter_misc":{"Est. reading time":"3 minutos"},"schema":{"@context":"https:\/\/schema.org","@graph":[{"@type":"WebPage","@id":"https:\/\/www.germainelabs.com\/contact\/","url":"https:\/\/www.germainelabs.com\/contact\/","name":"Contacto - Germaine Laboratories","isPartOf":{"@id":"https:\/\/www.germainelabs.com\/#website"},"primaryImageOfPage":{"@id":"https:\/\/www.germainelabs.com\/contact\/#primaryimage"},"image":{"@id":"https:\/\/www.germainelabs.com\/contact\/#primaryimage"},"thumbnailUrl":"http:\/\/germainelabs.com\/wp-content\/uploads\/2020\/08\/Germaine-Laboratories-Logo.png","datePublished":"2020-08-25T19:49:41+00:00","dateModified":"2020-09-16T18:58:22+00:00","breadcrumb":{"@id":"https:\/\/www.germainelabs.com\/contact\/#breadcrumb"},"inLanguage":"es","potentialAction":[{"@type":"ReadAction","target":["https:\/\/www.germainelabs.com\/contact\/"]}]},{"@type":"ImageObject","inLanguage":"es","@id":"https:\/\/www.germainelabs.com\/contact\/#primaryimage","url":"http:\/\/germainelabs.com\/wp-content\/uploads\/2020\/08\/Germaine-Laboratories-Logo.png","contentUrl":"http:\/\/germainelabs.com\/wp-content\/uploads\/2020\/08\/Germaine-Laboratories-Logo.png"},{"@type":"BreadcrumbList","@id":"https:\/\/www.germainelabs.com\/contact\/#breadcrumb","itemListElement":[{"@type":"ListItem","position":1,"name":"Home","item":"https:\/\/www.germainelabs.com\/es\/home-es\/"},{"@type":"ListItem","position":2,"name":"Contacto"}]},{"@type":"WebSite","@id":"https:\/\/www.germainelabs.com\/#website","url":"https:\/\/www.germainelabs.com\/","name":"Germaine Laboratories","description":"","publisher":{"@id":"https:\/\/www.germainelabs.com\/#organization"},"potentialAction":[{"@type":"SearchAction","target":{"@type":"EntryPoint","urlTemplate":"https:\/\/www.germainelabs.com\/?s={search_term_string}"},"query-input":{"@type":"PropertyValueSpecification","valueRequired":true,"valueName":"search_term_string"}}],"inLanguage":"es"},{"@type":"Organization","@id":"https:\/\/www.germainelabs.com\/#organization","name":"Germaine Laboratories, Inc.","url":"https:\/\/www.germainelabs.com\/","logo":{"@type":"ImageObject","inLanguage":"es","@id":"https:\/\/www.germainelabs.com\/#\/schema\/logo\/image\/","url":"https:\/\/www.germainelabs.com\/wp-content\/uploads\/2020\/08\/Germaine-Laboratories-Logo.png","contentUrl":"https:\/\/www.germainelabs.com\/wp-content\/uploads\/2020\/08\/Germaine-Laboratories-Logo.png","width":900,"height":299,"caption":"Germaine Laboratories, Inc."},"image":{"@id":"https:\/\/www.germainelabs.com\/#\/schema\/logo\/image\/"}}]}},"jetpack_sharing_enabled":true,"_links":{"self":[{"href":"https:\/\/www.germainelabs.com\/es\/wp-json\/wp\/v2\/pages\/993","targetHints":{"allow":["GET"]}}],"collection":[{"href":"https:\/\/www.germainelabs.com\/es\/wp-json\/wp\/v2\/pages"}],"about":[{"href":"https:\/\/www.germainelabs.com\/es\/wp-json\/wp\/v2\/types\/page"}],"author":[{"embeddable":true,"href":"https:\/\/www.germainelabs.com\/es\/wp-json\/wp\/v2\/users\/7"}],"replies":[{"embeddable":true,"href":"https:\/\/www.germainelabs.com\/es\/wp-json\/wp\/v2\/comments?post=993"}],"version-history":[{"count":0,"href":"https:\/\/www.germainelabs.com\/es\/wp-json\/wp\/v2\/pages\/993\/revisions"}],"wp:attachment":[{"href":"https:\/\/www.germainelabs.com\/es\/wp-json\/wp\/v2\/media?parent=993"}],"curies":[{"name":"wp","href":"https:\/\/api.w.org\/{rel}","templated":true}]}}