{"id":997,"date":"2020-08-26T02:54:42","date_gmt":"2020-08-26T06:54:42","guid":{"rendered":"http:\/\/germainelabs.wpengine.com\/?page_id=997"},"modified":"2020-09-03T07:20:41","modified_gmt":"2020-09-03T11:20:41","slug":"pruebas-de-laboratorio","status":"publish","type":"page","link":"https:\/\/www.germainelabs.com\/es\/pruebas-de-laboratorio\/","title":{"rendered":"Pruebas de Laboratorio"},"content":{"rendered":"<div id=\"cs-content\" class=\"cs-content\"><\/div>\n","protected":false},"excerpt":{"rendered":"<p>Pruebas de LaboratorioNuestro laboratorio est\u00e1 dise\u00f1ado para ser el laboratorio de pruebas de drogas m\u00e1s avanzada del pa\u00eds en la industria. Utilizando la \u00faltima tecnolog\u00eda, incluyendo instrumentos de detecci\u00f3n de drogas de alto rendimiento y sistemas de procesamiento de muestras de alta eficiencia. Adem\u00e1s, el laboratorio cuenta con personal de administraci\u00f3n t\u00e9cnica con m\u00e1s de veinte a\u00f1os de experiencia en &#8230; <a href=\"https:\/\/www.germainelabs.com\/es\/pruebas-de-laboratorio\/\" class=\"more-link\">Read More<\/a><\/p>\n","protected":false},"author":7,"featured_media":0,"parent":0,"menu_order":0,"comment_status":"closed","ping_status":"closed","template":"template-blank-4.php","meta":{"footnotes":""},"class_list":["post-997","page","type-page","status-publish","hentry","no-post-thumbnail"],"yoast_head":"<!-- This site is optimized with the Yoast SEO plugin v24.5 - https:\/\/yoast.com\/wordpress\/plugins\/seo\/ -->\n<title>Pruebas de Laboratorio - Germaine Laboratories<\/title>\n<meta name=\"robots\" content=\"index, follow, max-snippet:-1, max-image-preview:large, max-video-preview:-1\" \/>\n<link rel=\"canonical\" href=\"https:\/\/www.germainelabs.com\/laboratory-services\/\" \/>\n<meta property=\"og:locale\" content=\"es_ES\" \/>\n<meta property=\"og:type\" content=\"article\" \/>\n<meta property=\"og:title\" content=\"Pruebas de Laboratorio - Germaine Laboratories\" \/>\n<meta property=\"og:description\" content=\"Pruebas de LaboratorioNuestro laboratorio est\u00e1 dise\u00f1ado para ser el laboratorio de pruebas de drogas m\u00e1s avanzada del pa\u00eds en la industria. Utilizando la \u00faltima tecnolog\u00eda, incluyendo instrumentos de detecci\u00f3n de drogas de alto rendimiento y sistemas de procesamiento de muestras de alta eficiencia. Adem\u00e1s, el laboratorio cuenta con personal de administraci\u00f3n t\u00e9cnica con m\u00e1s de veinte a\u00f1os de experiencia en ... Read More\" \/>\n<meta property=\"og:url\" content=\"https:\/\/www.germainelabs.com\/laboratory-services\/\" \/>\n<meta property=\"og:site_name\" content=\"Germaine Laboratories\" \/>\n<meta property=\"article:modified_time\" content=\"2020-09-03T11:20:41+00:00\" \/>\n<meta property=\"og:image\" content=\"http:\/\/germainelabs.com\/wp-content\/uploads\/2020\/07\/home_experience_02.jpg\" \/>\n<meta name=\"twitter:card\" content=\"summary_large_image\" \/>\n<meta name=\"twitter:label1\" content=\"Est. reading time\" \/>\n\t<meta name=\"twitter:data1\" content=\"6 minutos\" \/>\n<script type=\"application\/ld+json\" class=\"yoast-schema-graph\">{\"@context\":\"https:\/\/schema.org\",\"@graph\":[{\"@type\":\"WebPage\",\"@id\":\"https:\/\/www.germainelabs.com\/laboratory-services\/\",\"url\":\"https:\/\/www.germainelabs.com\/laboratory-services\/\",\"name\":\"Pruebas de Laboratorio - Germaine Laboratories\",\"isPartOf\":{\"@id\":\"https:\/\/www.germainelabs.com\/#website\"},\"primaryImageOfPage\":{\"@id\":\"https:\/\/www.germainelabs.com\/laboratory-services\/#primaryimage\"},\"image\":{\"@id\":\"https:\/\/www.germainelabs.com\/laboratory-services\/#primaryimage\"},\"thumbnailUrl\":\"http:\/\/germainelabs.com\/wp-content\/uploads\/2020\/07\/home_experience_02.jpg\",\"datePublished\":\"2020-08-26T06:54:42+00:00\",\"dateModified\":\"2020-09-03T11:20:41+00:00\",\"breadcrumb\":{\"@id\":\"https:\/\/www.germainelabs.com\/laboratory-services\/#breadcrumb\"},\"inLanguage\":\"es\",\"potentialAction\":[{\"@type\":\"ReadAction\",\"target\":[\"https:\/\/www.germainelabs.com\/laboratory-services\/\"]}]},{\"@type\":\"ImageObject\",\"inLanguage\":\"es\",\"@id\":\"https:\/\/www.germainelabs.com\/laboratory-services\/#primaryimage\",\"url\":\"http:\/\/germainelabs.com\/wp-content\/uploads\/2020\/07\/home_experience_02.jpg\",\"contentUrl\":\"http:\/\/germainelabs.com\/wp-content\/uploads\/2020\/07\/home_experience_02.jpg\"},{\"@type\":\"BreadcrumbList\",\"@id\":\"https:\/\/www.germainelabs.com\/laboratory-services\/#breadcrumb\",\"itemListElement\":[{\"@type\":\"ListItem\",\"position\":1,\"name\":\"Home\",\"item\":\"https:\/\/www.germainelabs.com\/es\/home-es\/\"},{\"@type\":\"ListItem\",\"position\":2,\"name\":\"Pruebas de Laboratorio\"}]},{\"@type\":\"WebSite\",\"@id\":\"https:\/\/www.germainelabs.com\/#website\",\"url\":\"https:\/\/www.germainelabs.com\/\",\"name\":\"Germaine Laboratories\",\"description\":\"\",\"publisher\":{\"@id\":\"https:\/\/www.germainelabs.com\/#organization\"},\"potentialAction\":[{\"@type\":\"SearchAction\",\"target\":{\"@type\":\"EntryPoint\",\"urlTemplate\":\"https:\/\/www.germainelabs.com\/?s={search_term_string}\"},\"query-input\":{\"@type\":\"PropertyValueSpecification\",\"valueRequired\":true,\"valueName\":\"search_term_string\"}}],\"inLanguage\":\"es\"},{\"@type\":\"Organization\",\"@id\":\"https:\/\/www.germainelabs.com\/#organization\",\"name\":\"Germaine Laboratories, Inc.\",\"url\":\"https:\/\/www.germainelabs.com\/\",\"logo\":{\"@type\":\"ImageObject\",\"inLanguage\":\"es\",\"@id\":\"https:\/\/www.germainelabs.com\/#\/schema\/logo\/image\/\",\"url\":\"https:\/\/www.germainelabs.com\/wp-content\/uploads\/2020\/08\/Germaine-Laboratories-Logo.png\",\"contentUrl\":\"https:\/\/www.germainelabs.com\/wp-content\/uploads\/2020\/08\/Germaine-Laboratories-Logo.png\",\"width\":900,\"height\":299,\"caption\":\"Germaine Laboratories, Inc.\"},\"image\":{\"@id\":\"https:\/\/www.germainelabs.com\/#\/schema\/logo\/image\/\"}}]}<\/script>\n<!-- \/ Yoast SEO plugin. -->","yoast_head_json":{"title":"Pruebas de Laboratorio - Germaine Laboratories","robots":{"index":"index","follow":"follow","max-snippet":"max-snippet:-1","max-image-preview":"max-image-preview:large","max-video-preview":"max-video-preview:-1"},"canonical":"https:\/\/www.germainelabs.com\/laboratory-services\/","og_locale":"es_ES","og_type":"article","og_title":"Pruebas de Laboratorio - Germaine Laboratories","og_description":"Pruebas de LaboratorioNuestro laboratorio est\u00e1 dise\u00f1ado para ser el laboratorio de pruebas de drogas m\u00e1s avanzada del pa\u00eds en la industria. Utilizando la \u00faltima tecnolog\u00eda, incluyendo instrumentos de detecci\u00f3n de drogas de alto rendimiento y sistemas de procesamiento de muestras de alta eficiencia. Adem\u00e1s, el laboratorio cuenta con personal de administraci\u00f3n t\u00e9cnica con m\u00e1s de veinte a\u00f1os de experiencia en ... Read More","og_url":"https:\/\/www.germainelabs.com\/laboratory-services\/","og_site_name":"Germaine Laboratories","article_modified_time":"2020-09-03T11:20:41+00:00","og_image":[{"url":"http:\/\/germainelabs.com\/wp-content\/uploads\/2020\/07\/home_experience_02.jpg","type":"","width":"","height":""}],"twitter_card":"summary_large_image","twitter_misc":{"Est. reading time":"6 minutos"},"schema":{"@context":"https:\/\/schema.org","@graph":[{"@type":"WebPage","@id":"https:\/\/www.germainelabs.com\/laboratory-services\/","url":"https:\/\/www.germainelabs.com\/laboratory-services\/","name":"Pruebas de Laboratorio - Germaine Laboratories","isPartOf":{"@id":"https:\/\/www.germainelabs.com\/#website"},"primaryImageOfPage":{"@id":"https:\/\/www.germainelabs.com\/laboratory-services\/#primaryimage"},"image":{"@id":"https:\/\/www.germainelabs.com\/laboratory-services\/#primaryimage"},"thumbnailUrl":"http:\/\/germainelabs.com\/wp-content\/uploads\/2020\/07\/home_experience_02.jpg","datePublished":"2020-08-26T06:54:42+00:00","dateModified":"2020-09-03T11:20:41+00:00","breadcrumb":{"@id":"https:\/\/www.germainelabs.com\/laboratory-services\/#breadcrumb"},"inLanguage":"es","potentialAction":[{"@type":"ReadAction","target":["https:\/\/www.germainelabs.com\/laboratory-services\/"]}]},{"@type":"ImageObject","inLanguage":"es","@id":"https:\/\/www.germainelabs.com\/laboratory-services\/#primaryimage","url":"http:\/\/germainelabs.com\/wp-content\/uploads\/2020\/07\/home_experience_02.jpg","contentUrl":"http:\/\/germainelabs.com\/wp-content\/uploads\/2020\/07\/home_experience_02.jpg"},{"@type":"BreadcrumbList","@id":"https:\/\/www.germainelabs.com\/laboratory-services\/#breadcrumb","itemListElement":[{"@type":"ListItem","position":1,"name":"Home","item":"https:\/\/www.germainelabs.com\/es\/home-es\/"},{"@type":"ListItem","position":2,"name":"Pruebas de Laboratorio"}]},{"@type":"WebSite","@id":"https:\/\/www.germainelabs.com\/#website","url":"https:\/\/www.germainelabs.com\/","name":"Germaine Laboratories","description":"","publisher":{"@id":"https:\/\/www.germainelabs.com\/#organization"},"potentialAction":[{"@type":"SearchAction","target":{"@type":"EntryPoint","urlTemplate":"https:\/\/www.germainelabs.com\/?s={search_term_string}"},"query-input":{"@type":"PropertyValueSpecification","valueRequired":true,"valueName":"search_term_string"}}],"inLanguage":"es"},{"@type":"Organization","@id":"https:\/\/www.germainelabs.com\/#organization","name":"Germaine Laboratories, Inc.","url":"https:\/\/www.germainelabs.com\/","logo":{"@type":"ImageObject","inLanguage":"es","@id":"https:\/\/www.germainelabs.com\/#\/schema\/logo\/image\/","url":"https:\/\/www.germainelabs.com\/wp-content\/uploads\/2020\/08\/Germaine-Laboratories-Logo.png","contentUrl":"https:\/\/www.germainelabs.com\/wp-content\/uploads\/2020\/08\/Germaine-Laboratories-Logo.png","width":900,"height":299,"caption":"Germaine Laboratories, Inc."},"image":{"@id":"https:\/\/www.germainelabs.com\/#\/schema\/logo\/image\/"}}]}},"jetpack_sharing_enabled":true,"_links":{"self":[{"href":"https:\/\/www.germainelabs.com\/es\/wp-json\/wp\/v2\/pages\/997","targetHints":{"allow":["GET"]}}],"collection":[{"href":"https:\/\/www.germainelabs.com\/es\/wp-json\/wp\/v2\/pages"}],"about":[{"href":"https:\/\/www.germainelabs.com\/es\/wp-json\/wp\/v2\/types\/page"}],"author":[{"embeddable":true,"href":"https:\/\/www.germainelabs.com\/es\/wp-json\/wp\/v2\/users\/7"}],"replies":[{"embeddable":true,"href":"https:\/\/www.germainelabs.com\/es\/wp-json\/wp\/v2\/comments?post=997"}],"version-history":[{"count":0,"href":"https:\/\/www.germainelabs.com\/es\/wp-json\/wp\/v2\/pages\/997\/revisions"}],"wp:attachment":[{"href":"https:\/\/www.germainelabs.com\/es\/wp-json\/wp\/v2\/media?parent=997"}],"curies":[{"name":"wp","href":"https:\/\/api.w.org\/{rel}","templated":true}]}}