{"id":862,"date":"2020-08-16T13:39:39","date_gmt":"2020-08-16T17:39:39","guid":{"rendered":"http:\/\/germainelabs.wpengine.com\/product\/compliance-gold-ifob-con-monitor-de-cumplimiento\/"},"modified":"2020-08-16T13:39:39","modified_gmt":"2020-08-16T17:39:39","slug":"compliance-gold-ifob-con-monitor-de-cumplimiento","status":"publish","type":"product","link":"https:\/\/www.germainelabs.com\/es\/product\/compliance-gold-ifob-con-monitor-de-cumplimiento\/","title":{"rendered":"Compliance Gold\u00ae iFOB con monitor de cumplimiento"},"content":{"rendered":"<p>Ref# 74034<\/p>\n<p>Compliance Gold\u00ae iFOB es un ensayo cromatogr\u00e1fico r\u00e1pido para la detecci\u00f3n cualitativa de sangre oculta en heces muestras de heces humanas por laboratorios o consultorios m\u00e9dicos. Esta prueba es \u00fatil para determinar trastornos gastrointestinales tales como colitis, c\u00e1ncer colorrectal, diverticulitis y p\u00f3lipos.<\/p>\n<ul>\n<li>\u00a0\u00a0\u00a0\u00a0\u00a0Sistema de monitoreo de cumplimiento, nuestro equipo ofrece un programa compatible con HIPAA que recuerda a los pacientes que devuelvan su paquete de recolecci\u00f3n<\/li>\n<li>\u00a0\u00a0\u00a0\u00a0\u00a0Estampillas proporcionadas para regresar los sobres. No m\u00e1s viajes al correo postal para comprar estampillas<\/li>\n<li>\u00a0\u00a0\u00a0\u00a0 Inlcuye las etiquetas de direcci\u00f3n de regreso, asi garantizan que las pruebas se devuelven a la direcci\u00f3n correcta<\/li>\n<li>\u00a0\u00a0\u00a0\u00a0 Cabe en la ranura de correo, m\u00e1s f\u00e1cil para los pacientes de regresarlo desde la comodidad de su propia casa<\/li>\n<li>\u00a0\u00a0\u00a0\u00a0 Todos los componentes pre-empaquetados en el sobre, todo lo que su paciente necesita en un remitente<\/li>\n<li>\u00a0\u00a0\u00a0\u00a0 Formularios de HIPAA de Acuerdos del Paciente<\/li>\n<li>\u00a0\u00a0\u00a0\u00a0 CLIA Waived<\/li>\n<\/ul>\n<p><img decoding=\"async\" src=\"http:\/\/www.germainelabs.com\/image\/data\/Compliance%20Monitor%20System%20v3.jpg\" alt=\"pic-184755.jpg\" align=\"bottom\" data-cke-saved-src=\"http:\/\/www.germainelabs.com\/image\/data\/Compliance Monitor System v3.jpg\" \/><\/p>\n","protected":false},"excerpt":{"rendered":"<p>Compliance Gold\u00ae iFOB es un ensayo cromatogr\u00e1fico r\u00e1pido para la detecci\u00f3n cualitativa de sangre oculta en heces muestras de heces humanas por laboratorios o consultorios m\u00e9dicos. Esta prueba es \u00fatil para determinar trastornos gastrointestinales tales com<\/p>\n","protected":false},"featured_media":160,"comment_status":"open","ping_status":"closed","template":"","meta":[],"product_brand":[],"product_cat":[92],"product_tag":[],"class_list":{"0":"post-862","1":"product","2":"type-product","3":"status-publish","4":"has-post-thumbnail","6":"product_cat-sangre-oculta","9":"first","10":"instock","11":"taxable","12":"shipping-taxable","13":"purchasable","14":"product-type-simple"},"yoast_head":"<!-- This site is optimized with the Yoast SEO plugin v24.5 - https:\/\/yoast.com\/wordpress\/plugins\/seo\/ -->\n<title>Compliance Gold\u00ae iFOB con monitor de cumplimiento - Germaine Laboratories<\/title>\n<meta name=\"robots\" content=\"index, follow, max-snippet:-1, max-image-preview:large, max-video-preview:-1\" \/>\n<link rel=\"canonical\" href=\"https:\/\/www.germainelabs.com\/es\/product\/compliance-gold-ifob-con-monitor-de-cumplimiento\/\" \/>\n<meta property=\"og:locale\" content=\"es_ES\" \/>\n<meta property=\"og:type\" content=\"article\" \/>\n<meta property=\"og:title\" content=\"Compliance Gold\u00ae iFOB con monitor de cumplimiento - Germaine Laboratories\" \/>\n<meta property=\"og:description\" content=\"Compliance Gold\u00ae iFOB es un ensayo cromatogr\u00e1fico r\u00e1pido para la detecci\u00f3n cualitativa de sangre oculta en heces muestras de heces humanas por laboratorios o consultorios m\u00e9dicos. Esta prueba es \u00fatil para determinar trastornos gastrointestinales tales com\" \/>\n<meta property=\"og:url\" content=\"https:\/\/www.germainelabs.com\/es\/product\/compliance-gold-ifob-con-monitor-de-cumplimiento\/\" \/>\n<meta property=\"og:site_name\" content=\"Germaine Laboratories\" \/>\n<meta property=\"og:image\" content=\"https:\/\/www.germainelabs.com\/wp-content\/uploads\/2020\/08\/iFOB-with-Compliance-Box.jpg\" \/>\n\t<meta property=\"og:image:width\" content=\"1024\" \/>\n\t<meta property=\"og:image:height\" content=\"1024\" \/>\n\t<meta property=\"og:image:type\" content=\"image\/jpeg\" \/>\n<meta name=\"twitter:card\" content=\"summary_large_image\" \/>\n<meta name=\"twitter:label1\" content=\"Est. reading time\" \/>\n\t<meta name=\"twitter:data1\" content=\"1 minuto\" \/>\n<script type=\"application\/ld+json\" class=\"yoast-schema-graph\">{\"@context\":\"https:\/\/schema.org\",\"@graph\":[{\"@type\":\"WebPage\",\"@id\":\"https:\/\/www.germainelabs.com\/es\/product\/compliance-gold-ifob-con-monitor-de-cumplimiento\/\",\"url\":\"https:\/\/www.germainelabs.com\/es\/product\/compliance-gold-ifob-con-monitor-de-cumplimiento\/\",\"name\":\"Compliance Gold\u00ae iFOB con monitor de cumplimiento - Germaine Laboratories\",\"isPartOf\":{\"@id\":\"https:\/\/www.germainelabs.com\/#website\"},\"primaryImageOfPage\":{\"@id\":\"https:\/\/www.germainelabs.com\/es\/product\/compliance-gold-ifob-con-monitor-de-cumplimiento\/#primaryimage\"},\"image\":{\"@id\":\"https:\/\/www.germainelabs.com\/es\/product\/compliance-gold-ifob-con-monitor-de-cumplimiento\/#primaryimage\"},\"thumbnailUrl\":\"https:\/\/www.germainelabs.com\/wp-content\/uploads\/2020\/08\/iFOB-with-Compliance-Box.jpg\",\"datePublished\":\"2020-08-16T17:39:39+00:00\",\"breadcrumb\":{\"@id\":\"https:\/\/www.germainelabs.com\/es\/product\/compliance-gold-ifob-con-monitor-de-cumplimiento\/#breadcrumb\"},\"inLanguage\":\"es\",\"potentialAction\":[{\"@type\":\"ReadAction\",\"target\":[\"https:\/\/www.germainelabs.com\/es\/product\/compliance-gold-ifob-con-monitor-de-cumplimiento\/\"]}]},{\"@type\":\"ImageObject\",\"inLanguage\":\"es\",\"@id\":\"https:\/\/www.germainelabs.com\/es\/product\/compliance-gold-ifob-con-monitor-de-cumplimiento\/#primaryimage\",\"url\":\"https:\/\/www.germainelabs.com\/wp-content\/uploads\/2020\/08\/iFOB-with-Compliance-Box.jpg\",\"contentUrl\":\"https:\/\/www.germainelabs.com\/wp-content\/uploads\/2020\/08\/iFOB-with-Compliance-Box.jpg\",\"width\":1024,\"height\":1024,\"caption\":\"compliance gold iFOB test\"},{\"@type\":\"BreadcrumbList\",\"@id\":\"https:\/\/www.germainelabs.com\/es\/product\/compliance-gold-ifob-con-monitor-de-cumplimiento\/#breadcrumb\",\"itemListElement\":[{\"@type\":\"ListItem\",\"position\":1,\"name\":\"Home\",\"item\":\"https:\/\/www.germainelabs.com\/es\/home-es\/\"},{\"@type\":\"ListItem\",\"position\":2,\"name\":\"Tienda\",\"item\":\"https:\/\/www.germainelabs.com\/es\/tienda\/\"},{\"@type\":\"ListItem\",\"position\":3,\"name\":\"Compliance Gold\u00ae iFOB con monitor de cumplimiento\"}]},{\"@type\":\"WebSite\",\"@id\":\"https:\/\/www.germainelabs.com\/#website\",\"url\":\"https:\/\/www.germainelabs.com\/\",\"name\":\"Germaine Laboratories\",\"description\":\"\",\"publisher\":{\"@id\":\"https:\/\/www.germainelabs.com\/#organization\"},\"potentialAction\":[{\"@type\":\"SearchAction\",\"target\":{\"@type\":\"EntryPoint\",\"urlTemplate\":\"https:\/\/www.germainelabs.com\/?s={search_term_string}\"},\"query-input\":{\"@type\":\"PropertyValueSpecification\",\"valueRequired\":true,\"valueName\":\"search_term_string\"}}],\"inLanguage\":\"es\"},{\"@type\":\"Organization\",\"@id\":\"https:\/\/www.germainelabs.com\/#organization\",\"name\":\"Germaine Laboratories, Inc.\",\"url\":\"https:\/\/www.germainelabs.com\/\",\"logo\":{\"@type\":\"ImageObject\",\"inLanguage\":\"es\",\"@id\":\"https:\/\/www.germainelabs.com\/#\/schema\/logo\/image\/\",\"url\":\"https:\/\/www.germainelabs.com\/wp-content\/uploads\/2020\/08\/Germaine-Laboratories-Logo.png\",\"contentUrl\":\"https:\/\/www.germainelabs.com\/wp-content\/uploads\/2020\/08\/Germaine-Laboratories-Logo.png\",\"width\":900,\"height\":299,\"caption\":\"Germaine Laboratories, Inc.\"},\"image\":{\"@id\":\"https:\/\/www.germainelabs.com\/#\/schema\/logo\/image\/\"}}]}<\/script>\n<!-- \/ Yoast SEO plugin. -->","yoast_head_json":{"title":"Compliance Gold\u00ae iFOB con monitor de cumplimiento - Germaine Laboratories","robots":{"index":"index","follow":"follow","max-snippet":"max-snippet:-1","max-image-preview":"max-image-preview:large","max-video-preview":"max-video-preview:-1"},"canonical":"https:\/\/www.germainelabs.com\/es\/product\/compliance-gold-ifob-con-monitor-de-cumplimiento\/","og_locale":"es_ES","og_type":"article","og_title":"Compliance Gold\u00ae iFOB con monitor de cumplimiento - Germaine Laboratories","og_description":"Compliance Gold\u00ae iFOB es un ensayo cromatogr\u00e1fico r\u00e1pido para la detecci\u00f3n cualitativa de sangre oculta en heces muestras de heces humanas por laboratorios o consultorios m\u00e9dicos. Esta prueba es \u00fatil para determinar trastornos gastrointestinales tales com","og_url":"https:\/\/www.germainelabs.com\/es\/product\/compliance-gold-ifob-con-monitor-de-cumplimiento\/","og_site_name":"Germaine Laboratories","og_image":[{"width":1024,"height":1024,"url":"https:\/\/www.germainelabs.com\/wp-content\/uploads\/2020\/08\/iFOB-with-Compliance-Box.jpg","type":"image\/jpeg"}],"twitter_card":"summary_large_image","twitter_misc":{"Est. reading time":"1 minuto"},"schema":{"@context":"https:\/\/schema.org","@graph":[{"@type":"WebPage","@id":"https:\/\/www.germainelabs.com\/es\/product\/compliance-gold-ifob-con-monitor-de-cumplimiento\/","url":"https:\/\/www.germainelabs.com\/es\/product\/compliance-gold-ifob-con-monitor-de-cumplimiento\/","name":"Compliance Gold\u00ae iFOB con monitor de cumplimiento - Germaine Laboratories","isPartOf":{"@id":"https:\/\/www.germainelabs.com\/#website"},"primaryImageOfPage":{"@id":"https:\/\/www.germainelabs.com\/es\/product\/compliance-gold-ifob-con-monitor-de-cumplimiento\/#primaryimage"},"image":{"@id":"https:\/\/www.germainelabs.com\/es\/product\/compliance-gold-ifob-con-monitor-de-cumplimiento\/#primaryimage"},"thumbnailUrl":"https:\/\/www.germainelabs.com\/wp-content\/uploads\/2020\/08\/iFOB-with-Compliance-Box.jpg","datePublished":"2020-08-16T17:39:39+00:00","breadcrumb":{"@id":"https:\/\/www.germainelabs.com\/es\/product\/compliance-gold-ifob-con-monitor-de-cumplimiento\/#breadcrumb"},"inLanguage":"es","potentialAction":[{"@type":"ReadAction","target":["https:\/\/www.germainelabs.com\/es\/product\/compliance-gold-ifob-con-monitor-de-cumplimiento\/"]}]},{"@type":"ImageObject","inLanguage":"es","@id":"https:\/\/www.germainelabs.com\/es\/product\/compliance-gold-ifob-con-monitor-de-cumplimiento\/#primaryimage","url":"https:\/\/www.germainelabs.com\/wp-content\/uploads\/2020\/08\/iFOB-with-Compliance-Box.jpg","contentUrl":"https:\/\/www.germainelabs.com\/wp-content\/uploads\/2020\/08\/iFOB-with-Compliance-Box.jpg","width":1024,"height":1024,"caption":"compliance gold iFOB test"},{"@type":"BreadcrumbList","@id":"https:\/\/www.germainelabs.com\/es\/product\/compliance-gold-ifob-con-monitor-de-cumplimiento\/#breadcrumb","itemListElement":[{"@type":"ListItem","position":1,"name":"Home","item":"https:\/\/www.germainelabs.com\/es\/home-es\/"},{"@type":"ListItem","position":2,"name":"Tienda","item":"https:\/\/www.germainelabs.com\/es\/tienda\/"},{"@type":"ListItem","position":3,"name":"Compliance Gold\u00ae iFOB con monitor de cumplimiento"}]},{"@type":"WebSite","@id":"https:\/\/www.germainelabs.com\/#website","url":"https:\/\/www.germainelabs.com\/","name":"Germaine Laboratories","description":"","publisher":{"@id":"https:\/\/www.germainelabs.com\/#organization"},"potentialAction":[{"@type":"SearchAction","target":{"@type":"EntryPoint","urlTemplate":"https:\/\/www.germainelabs.com\/?s={search_term_string}"},"query-input":{"@type":"PropertyValueSpecification","valueRequired":true,"valueName":"search_term_string"}}],"inLanguage":"es"},{"@type":"Organization","@id":"https:\/\/www.germainelabs.com\/#organization","name":"Germaine Laboratories, Inc.","url":"https:\/\/www.germainelabs.com\/","logo":{"@type":"ImageObject","inLanguage":"es","@id":"https:\/\/www.germainelabs.com\/#\/schema\/logo\/image\/","url":"https:\/\/www.germainelabs.com\/wp-content\/uploads\/2020\/08\/Germaine-Laboratories-Logo.png","contentUrl":"https:\/\/www.germainelabs.com\/wp-content\/uploads\/2020\/08\/Germaine-Laboratories-Logo.png","width":900,"height":299,"caption":"Germaine Laboratories, Inc."},"image":{"@id":"https:\/\/www.germainelabs.com\/#\/schema\/logo\/image\/"}}]}},"jetpack_sharing_enabled":true,"_links":{"self":[{"href":"https:\/\/www.germainelabs.com\/es\/wp-json\/wp\/v2\/product\/862","targetHints":{"allow":["GET"]}}],"collection":[{"href":"https:\/\/www.germainelabs.com\/es\/wp-json\/wp\/v2\/product"}],"about":[{"href":"https:\/\/www.germainelabs.com\/es\/wp-json\/wp\/v2\/types\/product"}],"replies":[{"embeddable":true,"href":"https:\/\/www.germainelabs.com\/es\/wp-json\/wp\/v2\/comments?post=862"}],"wp:featuredmedia":[{"embeddable":true,"href":"https:\/\/www.germainelabs.com\/es\/wp-json\/wp\/v2\/media\/160"}],"wp:attachment":[{"href":"https:\/\/www.germainelabs.com\/es\/wp-json\/wp\/v2\/media?parent=862"}],"wp:term":[{"taxonomy":"product_brand","embeddable":true,"href":"https:\/\/www.germainelabs.com\/es\/wp-json\/wp\/v2\/product_brand?post=862"},{"taxonomy":"product_cat","embeddable":true,"href":"https:\/\/www.germainelabs.com\/es\/wp-json\/wp\/v2\/product_cat?post=862"},{"taxonomy":"product_tag","embeddable":true,"href":"https:\/\/www.germainelabs.com\/es\/wp-json\/wp\/v2\/product_tag?post=862"}],"curies":[{"name":"wp","href":"https:\/\/api.w.org\/{rel}","templated":true}]}}