{"id":891,"date":"2020-08-16T13:39:30","date_gmt":"2020-08-16T17:39:30","guid":{"rendered":"http:\/\/germainelabs.wpengine.com\/product\/aimtab-bluing-tablets-100-bottle\/"},"modified":"2020-08-16T13:39:30","modified_gmt":"2020-08-16T17:39:30","slug":"aimtab-bluing-tablets-100-bottle","status":"publish","type":"product","link":"https:\/\/www.germainelabs.com\/es\/product\/aimtab-bluing-tablets-100-bottle\/","title":{"rendered":"AimTab\u2122 Bluing Tablets, 100\/bottle"},"content":{"rendered":"<p>Ref#\u00a040021 AimTab\u2122 Bluing Tablets, 100 pastillas por botella.<\/p>\n<p>\u2022\u00a0\u00a0\u00a0 Coloque la pastilla en la taza del inodoro antes de empezar la muestra y vuelva el agua azul vibrante en menos de un minuto<br \/>\n\u2022\u00a0\u00a0\u00a0 Utilice una pastilla por descarga<br \/>\n\u2022\u00a0\u00a0\u00a0 Cumple con el Reglamento Federal DOT 49 CFR 40.41<br \/>\n\u2022\u00a0\u00a0\u00a0 Los fontaneros usan para probar los ba\u00f1os de los clientes por fugas de v\u00e1lvulas coloc\u00e1ndolas en el tanque del inodoro<br \/>\n\u2022\u00a0\u00a0\u00a0 Procedimientos con formato CAP \/ CLSI disponibles por fax o correo electr\u00f3nico: \u00a1simplemente a\u00f1ada su nombre!<br \/>\n\u2022\u00a0\u00a0\u00a0 Almacenar a temperatura ambiente<\/p>\n<p>R\u00e1pidamente cambia al agua azul!<\/p>\n","protected":false},"excerpt":{"rendered":"<p>AimTab\u2122 Bluing Tablets se usan en todas las colecciones de pruebas de drogas para prevenir la adulteraci\u00f3n y para la detecci\u00f3n de fugas por fontaneros. R\u00e1pidamente cambia al agua azul!<\/p>\n","protected":false},"featured_media":126,"comment_status":"open","ping_status":"closed","template":"","meta":[],"product_brand":[],"product_cat":[47,81,96,32],"product_tag":[],"class_list":{"0":"post-891","1":"product","2":"type-product","3":"status-publish","4":"has-post-thumbnail","6":"product_cat-adulteration-test","7":"product_cat-prueba-de-adulteracion","8":"product_cat-pruebas-de-tabletas","9":"product_cat-tablet-tests","12":"first","13":"instock","14":"taxable","15":"shipping-taxable","16":"purchasable","17":"product-type-simple"},"yoast_head":"<!-- This site is optimized with the Yoast SEO plugin v24.5 - https:\/\/yoast.com\/wordpress\/plugins\/seo\/ -->\n<title>AimTab\u2122 Bluing Tablets, 100\/bottle - Germaine Laboratories<\/title>\n<meta name=\"robots\" content=\"index, follow, max-snippet:-1, max-image-preview:large, max-video-preview:-1\" \/>\n<link rel=\"canonical\" href=\"https:\/\/www.germainelabs.com\/product\/aimtab-bluing-tablets-100-bottle\/\" \/>\n<meta property=\"og:locale\" content=\"es_ES\" \/>\n<meta property=\"og:type\" content=\"article\" \/>\n<meta property=\"og:title\" content=\"AimTab\u2122 Bluing Tablets, 100\/bottle - Germaine Laboratories\" \/>\n<meta property=\"og:description\" content=\"AimTab\u2122 Bluing Tablets se usan en todas las colecciones de pruebas de drogas para prevenir la adulteraci\u00f3n y para la detecci\u00f3n de fugas por fontaneros. R\u00e1pidamente cambia al agua azul!\" \/>\n<meta property=\"og:url\" content=\"https:\/\/www.germainelabs.com\/product\/aimtab-bluing-tablets-100-bottle\/\" \/>\n<meta property=\"og:site_name\" content=\"Germaine Laboratories\" \/>\n<meta property=\"og:image\" content=\"https:\/\/www.germainelabs.com\/wp-content\/uploads\/2020\/08\/AimTab-Bluing-Tablets.jpg\" \/>\n\t<meta property=\"og:image:width\" content=\"1024\" \/>\n\t<meta property=\"og:image:height\" content=\"1024\" \/>\n\t<meta property=\"og:image:type\" content=\"image\/jpeg\" \/>\n<meta name=\"twitter:card\" content=\"summary_large_image\" \/>\n<script type=\"application\/ld+json\" class=\"yoast-schema-graph\">{\"@context\":\"https:\/\/schema.org\",\"@graph\":[{\"@type\":\"WebPage\",\"@id\":\"https:\/\/www.germainelabs.com\/product\/aimtab-bluing-tablets-100-bottle\/\",\"url\":\"https:\/\/www.germainelabs.com\/product\/aimtab-bluing-tablets-100-bottle\/\",\"name\":\"AimTab\u2122 Bluing Tablets, 100\/bottle - Germaine Laboratories\",\"isPartOf\":{\"@id\":\"https:\/\/www.germainelabs.com\/#website\"},\"primaryImageOfPage\":{\"@id\":\"https:\/\/www.germainelabs.com\/product\/aimtab-bluing-tablets-100-bottle\/#primaryimage\"},\"image\":{\"@id\":\"https:\/\/www.germainelabs.com\/product\/aimtab-bluing-tablets-100-bottle\/#primaryimage\"},\"thumbnailUrl\":\"https:\/\/www.germainelabs.com\/wp-content\/uploads\/2020\/08\/AimTab-Bluing-Tablets.jpg\",\"datePublished\":\"2020-08-16T17:39:30+00:00\",\"breadcrumb\":{\"@id\":\"https:\/\/www.germainelabs.com\/product\/aimtab-bluing-tablets-100-bottle\/#breadcrumb\"},\"inLanguage\":\"es\",\"potentialAction\":[{\"@type\":\"ReadAction\",\"target\":[\"https:\/\/www.germainelabs.com\/product\/aimtab-bluing-tablets-100-bottle\/\"]}]},{\"@type\":\"ImageObject\",\"inLanguage\":\"es\",\"@id\":\"https:\/\/www.germainelabs.com\/product\/aimtab-bluing-tablets-100-bottle\/#primaryimage\",\"url\":\"https:\/\/www.germainelabs.com\/wp-content\/uploads\/2020\/08\/AimTab-Bluing-Tablets.jpg\",\"contentUrl\":\"https:\/\/www.germainelabs.com\/wp-content\/uploads\/2020\/08\/AimTab-Bluing-Tablets.jpg\",\"width\":1024,\"height\":1024,\"caption\":\"aimtab bluing tablets\"},{\"@type\":\"BreadcrumbList\",\"@id\":\"https:\/\/www.germainelabs.com\/product\/aimtab-bluing-tablets-100-bottle\/#breadcrumb\",\"itemListElement\":[{\"@type\":\"ListItem\",\"position\":1,\"name\":\"Home\",\"item\":\"https:\/\/www.germainelabs.com\/es\/home-es\/\"},{\"@type\":\"ListItem\",\"position\":2,\"name\":\"Tienda\",\"item\":\"https:\/\/www.germainelabs.com\/es\/tienda\/\"},{\"@type\":\"ListItem\",\"position\":3,\"name\":\"AimTab\u2122 Bluing Tablets, 100\/bottle\"}]},{\"@type\":\"WebSite\",\"@id\":\"https:\/\/www.germainelabs.com\/#website\",\"url\":\"https:\/\/www.germainelabs.com\/\",\"name\":\"Germaine Laboratories\",\"description\":\"\",\"publisher\":{\"@id\":\"https:\/\/www.germainelabs.com\/#organization\"},\"potentialAction\":[{\"@type\":\"SearchAction\",\"target\":{\"@type\":\"EntryPoint\",\"urlTemplate\":\"https:\/\/www.germainelabs.com\/?s={search_term_string}\"},\"query-input\":{\"@type\":\"PropertyValueSpecification\",\"valueRequired\":true,\"valueName\":\"search_term_string\"}}],\"inLanguage\":\"es\"},{\"@type\":\"Organization\",\"@id\":\"https:\/\/www.germainelabs.com\/#organization\",\"name\":\"Germaine Laboratories, Inc.\",\"url\":\"https:\/\/www.germainelabs.com\/\",\"logo\":{\"@type\":\"ImageObject\",\"inLanguage\":\"es\",\"@id\":\"https:\/\/www.germainelabs.com\/#\/schema\/logo\/image\/\",\"url\":\"https:\/\/www.germainelabs.com\/wp-content\/uploads\/2020\/08\/Germaine-Laboratories-Logo.png\",\"contentUrl\":\"https:\/\/www.germainelabs.com\/wp-content\/uploads\/2020\/08\/Germaine-Laboratories-Logo.png\",\"width\":900,\"height\":299,\"caption\":\"Germaine Laboratories, Inc.\"},\"image\":{\"@id\":\"https:\/\/www.germainelabs.com\/#\/schema\/logo\/image\/\"}}]}<\/script>\n<!-- \/ Yoast SEO plugin. -->","yoast_head_json":{"title":"AimTab\u2122 Bluing Tablets, 100\/bottle - Germaine Laboratories","robots":{"index":"index","follow":"follow","max-snippet":"max-snippet:-1","max-image-preview":"max-image-preview:large","max-video-preview":"max-video-preview:-1"},"canonical":"https:\/\/www.germainelabs.com\/product\/aimtab-bluing-tablets-100-bottle\/","og_locale":"es_ES","og_type":"article","og_title":"AimTab\u2122 Bluing Tablets, 100\/bottle - Germaine Laboratories","og_description":"AimTab\u2122 Bluing Tablets se usan en todas las colecciones de pruebas de drogas para prevenir la adulteraci\u00f3n y para la detecci\u00f3n de fugas por fontaneros. R\u00e1pidamente cambia al agua azul!","og_url":"https:\/\/www.germainelabs.com\/product\/aimtab-bluing-tablets-100-bottle\/","og_site_name":"Germaine Laboratories","og_image":[{"width":1024,"height":1024,"url":"https:\/\/www.germainelabs.com\/wp-content\/uploads\/2020\/08\/AimTab-Bluing-Tablets.jpg","type":"image\/jpeg"}],"twitter_card":"summary_large_image","schema":{"@context":"https:\/\/schema.org","@graph":[{"@type":"WebPage","@id":"https:\/\/www.germainelabs.com\/product\/aimtab-bluing-tablets-100-bottle\/","url":"https:\/\/www.germainelabs.com\/product\/aimtab-bluing-tablets-100-bottle\/","name":"AimTab\u2122 Bluing Tablets, 100\/bottle - Germaine Laboratories","isPartOf":{"@id":"https:\/\/www.germainelabs.com\/#website"},"primaryImageOfPage":{"@id":"https:\/\/www.germainelabs.com\/product\/aimtab-bluing-tablets-100-bottle\/#primaryimage"},"image":{"@id":"https:\/\/www.germainelabs.com\/product\/aimtab-bluing-tablets-100-bottle\/#primaryimage"},"thumbnailUrl":"https:\/\/www.germainelabs.com\/wp-content\/uploads\/2020\/08\/AimTab-Bluing-Tablets.jpg","datePublished":"2020-08-16T17:39:30+00:00","breadcrumb":{"@id":"https:\/\/www.germainelabs.com\/product\/aimtab-bluing-tablets-100-bottle\/#breadcrumb"},"inLanguage":"es","potentialAction":[{"@type":"ReadAction","target":["https:\/\/www.germainelabs.com\/product\/aimtab-bluing-tablets-100-bottle\/"]}]},{"@type":"ImageObject","inLanguage":"es","@id":"https:\/\/www.germainelabs.com\/product\/aimtab-bluing-tablets-100-bottle\/#primaryimage","url":"https:\/\/www.germainelabs.com\/wp-content\/uploads\/2020\/08\/AimTab-Bluing-Tablets.jpg","contentUrl":"https:\/\/www.germainelabs.com\/wp-content\/uploads\/2020\/08\/AimTab-Bluing-Tablets.jpg","width":1024,"height":1024,"caption":"aimtab bluing tablets"},{"@type":"BreadcrumbList","@id":"https:\/\/www.germainelabs.com\/product\/aimtab-bluing-tablets-100-bottle\/#breadcrumb","itemListElement":[{"@type":"ListItem","position":1,"name":"Home","item":"https:\/\/www.germainelabs.com\/es\/home-es\/"},{"@type":"ListItem","position":2,"name":"Tienda","item":"https:\/\/www.germainelabs.com\/es\/tienda\/"},{"@type":"ListItem","position":3,"name":"AimTab\u2122 Bluing Tablets, 100\/bottle"}]},{"@type":"WebSite","@id":"https:\/\/www.germainelabs.com\/#website","url":"https:\/\/www.germainelabs.com\/","name":"Germaine Laboratories","description":"","publisher":{"@id":"https:\/\/www.germainelabs.com\/#organization"},"potentialAction":[{"@type":"SearchAction","target":{"@type":"EntryPoint","urlTemplate":"https:\/\/www.germainelabs.com\/?s={search_term_string}"},"query-input":{"@type":"PropertyValueSpecification","valueRequired":true,"valueName":"search_term_string"}}],"inLanguage":"es"},{"@type":"Organization","@id":"https:\/\/www.germainelabs.com\/#organization","name":"Germaine Laboratories, Inc.","url":"https:\/\/www.germainelabs.com\/","logo":{"@type":"ImageObject","inLanguage":"es","@id":"https:\/\/www.germainelabs.com\/#\/schema\/logo\/image\/","url":"https:\/\/www.germainelabs.com\/wp-content\/uploads\/2020\/08\/Germaine-Laboratories-Logo.png","contentUrl":"https:\/\/www.germainelabs.com\/wp-content\/uploads\/2020\/08\/Germaine-Laboratories-Logo.png","width":900,"height":299,"caption":"Germaine Laboratories, Inc."},"image":{"@id":"https:\/\/www.germainelabs.com\/#\/schema\/logo\/image\/"}}]}},"jetpack_sharing_enabled":true,"_links":{"self":[{"href":"https:\/\/www.germainelabs.com\/es\/wp-json\/wp\/v2\/product\/891","targetHints":{"allow":["GET"]}}],"collection":[{"href":"https:\/\/www.germainelabs.com\/es\/wp-json\/wp\/v2\/product"}],"about":[{"href":"https:\/\/www.germainelabs.com\/es\/wp-json\/wp\/v2\/types\/product"}],"replies":[{"embeddable":true,"href":"https:\/\/www.germainelabs.com\/es\/wp-json\/wp\/v2\/comments?post=891"}],"wp:featuredmedia":[{"embeddable":true,"href":"https:\/\/www.germainelabs.com\/es\/wp-json\/wp\/v2\/media\/126"}],"wp:attachment":[{"href":"https:\/\/www.germainelabs.com\/es\/wp-json\/wp\/v2\/media?parent=891"}],"wp:term":[{"taxonomy":"product_brand","embeddable":true,"href":"https:\/\/www.germainelabs.com\/es\/wp-json\/wp\/v2\/product_brand?post=891"},{"taxonomy":"product_cat","embeddable":true,"href":"https:\/\/www.germainelabs.com\/es\/wp-json\/wp\/v2\/product_cat?post=891"},{"taxonomy":"product_tag","embeddable":true,"href":"https:\/\/www.germainelabs.com\/es\/wp-json\/wp\/v2\/product_tag?post=891"}],"curies":[{"name":"wp","href":"https:\/\/api.w.org\/{rel}","templated":true}]}}