{"id":938,"date":"2020-08-16T13:39:18","date_gmt":"2020-08-16T17:39:18","guid":{"rendered":"http:\/\/germainelabs.wpengine.com\/product\/aimstrip-hemoglobina-paquete-inicial-200-200-pk\/"},"modified":"2022-06-19T14:35:18","modified_gmt":"2022-06-19T18:35:18","slug":"aimstrip-hemoglobina-paquete-inicial-200-200-pk","status":"publish","type":"product","link":"https:\/\/www.germainelabs.com\/es\/product\/aimstrip-hemoglobina-paquete-inicial-200-200-pk\/","title":{"rendered":"AimStrip\u00ae Hemoglobina Paquete Inicial 200, 200\/pk"},"content":{"rendered":"<p>Ref #78200\u00a0 Para la determinaci\u00f3n cuantitativa de hemoglobina en sangre entera capilar anticoagulada o sangre entera venosa anticoagulada. CLIA Waved<\/p>\n<p>El kit incluye:<\/p>\n<ul>\n<li>1 Medidor<\/li>\n<li>200 Cartuchos de prueba<\/li>\n<li>240 Tubos Capilares<\/li>\n<li>2 Chips de C\u00f3digo<\/li>\n<li>2 Verificadores \u00d3pticos<\/li>\n<li>1 Funda de transporte<\/li>\n<li>4 Pilas AAA<\/li>\n<li>1 Manual del usuario<\/li>\n<li>4 Libretos para el registro de los resultados<\/li>\n<\/ul>\n<p>S\u00f3lo para uso profesional<br \/>\nS\u00f3lo para uso diagn\u00f3stico in vitro<\/p>\n<ul>\n<li>R\u00e1pido &#8211; Simplemente insertar la prueba, aplicar la muestra con un tubo capilar y leer los resultados en menos de 15 segundos. No se requiere preparaci\u00f3n de muestras.<\/li>\n<li>Prueba de punto de atenci\u00f3n &#8211; Medidor de mano para pruebas en un punto de atenci\u00f3n. F\u00e1cil de leer los resultados en la pantalla LCD.<\/li>\n<li>Tiempo de entrenamiento m\u00ednimo: el medidor es f\u00e1cil de usar y hace que las pruebas sean sencillas.<\/li>\n<li>Cero Mantenimiento &#8211; No se requiere mantenimiento del medidor. El medidor tiene 3 a\u00f1os de garant\u00eda.<\/li>\n<li>Conveniente &#8211; Dispositivo de una sola prueba. Utiliza bater\u00edas o adaptador de electricidad.<\/li>\n<li>Procedimientos CAP \/ CLSI &#8211; Ya escritos, disponibles como MS Word y PDF. S\u00f3lo tiene que a\u00f1adir su informaci\u00f3n.<\/li>\n<\/ul>\n<p><strong>Especificaciones del Producto:<\/strong><\/p>\n<table border=\"1\" cellspacing=\"1\" cellpadding=\"1\">\n<tbody>\n<tr>\n<td>Metodolog\u00eda<\/td>\n<td>Fotometr\u00eda de Reflectancia<\/td>\n<\/tr>\n<tr>\n<td>Calibraci\u00f3n<\/td>\n<td>Autom\u00e1tica y calibrada en f\u00e1brica<\/td>\n<\/tr>\n<tr>\n<td>Tipo de muestra<\/td>\n<td>Sangre\u00a0entera capilar y venosa<\/td>\n<\/tr>\n<tr>\n<td>Tama\u00f1o de la muestra<\/td>\n<td>10\u00b5L<\/td>\n<\/tr>\n<tr>\n<td>Rango de Medida<\/td>\n<td>5.6 to 23.5 d\/dL<\/td>\n<\/tr>\n<tr>\n<td>Hematocrito<\/td>\n<td>Estimado, ver el instructivo<\/td>\n<\/tr>\n<tr>\n<td>Tiempo de Prueba<\/td>\n<td>&lt; 15 segundos<\/td>\n<\/tr>\n<tr>\n<td>VIda de Bateria<\/td>\n<td>2,700 Pruebas o 360 Horas<\/td>\n<\/tr>\n<tr>\n<td>Fuente de alimentaci\u00f3n<\/td>\n<td>4 Baterias AAA o Cargador Electrico<\/td>\n<\/tr>\n<tr>\n<td>Desconexi\u00f3n autom\u00e1tica<\/td>\n<td>8 minutos<\/td>\n<\/tr>\n<tr>\n<td>Memoria<\/td>\n<td>1,000 Pruebas, Fecha \/ Hora y N\u00famero de ID<\/td>\n<\/tr>\n<\/tbody>\n<\/table>\n","protected":false},"excerpt":{"rendered":"<p>Para la determinaci\u00f3n cuantitativa de hemoglobina en sangre entera capilar anticoagulada o sangre entera venosa anticoagulada. CLIA Waved<\/p>\n","protected":false},"featured_media":84,"comment_status":"open","ping_status":"closed","template":"","meta":[],"product_brand":[],"product_cat":[89,89],"product_tag":[],"class_list":{"0":"post-938","1":"product","2":"type-product","3":"status-publish","4":"has-post-thumbnail","6":"product_cat-hemoglobina","10":"first","11":"instock","12":"featured","13":"taxable","14":"shipping-taxable","15":"purchasable","16":"product-type-simple"},"yoast_head":"<!-- This site is optimized with the Yoast SEO plugin v24.5 - https:\/\/yoast.com\/wordpress\/plugins\/seo\/ -->\n<title>AimStrip\u00ae Hemoglobina Paquete Inicial 200, 200\/pk - Germaine Laboratories<\/title>\n<meta name=\"robots\" content=\"index, follow, max-snippet:-1, max-image-preview:large, max-video-preview:-1\" \/>\n<link rel=\"canonical\" href=\"https:\/\/www.germainelabs.com\/es\/product\/aimstrip-hemoglobina-paquete-inicial-200-200-pk\/\" \/>\n<meta property=\"og:locale\" content=\"es_ES\" \/>\n<meta property=\"og:type\" content=\"article\" \/>\n<meta property=\"og:title\" content=\"AimStrip\u00ae Hemoglobina Paquete Inicial 200, 200\/pk - Germaine Laboratories\" \/>\n<meta property=\"og:description\" content=\"Para la determinaci\u00f3n cuantitativa de hemoglobina en sangre entera capilar anticoagulada o sangre entera venosa anticoagulada. CLIA Waved\" \/>\n<meta property=\"og:url\" content=\"https:\/\/www.germainelabs.com\/es\/product\/aimstrip-hemoglobina-paquete-inicial-200-200-pk\/\" \/>\n<meta property=\"og:site_name\" content=\"Germaine Laboratories\" \/>\n<meta property=\"article:modified_time\" content=\"2022-06-19T18:35:18+00:00\" \/>\n<meta property=\"og:image\" content=\"https:\/\/www.germainelabs.com\/wp-content\/uploads\/2020\/08\/AimStrip-Hb-Hemoglobin-Starter-Kit.jpg\" \/>\n\t<meta property=\"og:image:width\" content=\"1024\" \/>\n\t<meta property=\"og:image:height\" content=\"1024\" \/>\n\t<meta property=\"og:image:type\" content=\"image\/jpeg\" \/>\n<meta name=\"twitter:card\" content=\"summary_large_image\" \/>\n<meta name=\"twitter:label1\" content=\"Est. reading time\" \/>\n\t<meta name=\"twitter:data1\" content=\"1 minuto\" \/>\n<script type=\"application\/ld+json\" class=\"yoast-schema-graph\">{\"@context\":\"https:\/\/schema.org\",\"@graph\":[{\"@type\":\"WebPage\",\"@id\":\"https:\/\/www.germainelabs.com\/es\/product\/aimstrip-hemoglobina-paquete-inicial-200-200-pk\/\",\"url\":\"https:\/\/www.germainelabs.com\/es\/product\/aimstrip-hemoglobina-paquete-inicial-200-200-pk\/\",\"name\":\"AimStrip\u00ae Hemoglobina Paquete Inicial 200, 200\/pk - Germaine Laboratories\",\"isPartOf\":{\"@id\":\"https:\/\/www.germainelabs.com\/#website\"},\"primaryImageOfPage\":{\"@id\":\"https:\/\/www.germainelabs.com\/es\/product\/aimstrip-hemoglobina-paquete-inicial-200-200-pk\/#primaryimage\"},\"image\":{\"@id\":\"https:\/\/www.germainelabs.com\/es\/product\/aimstrip-hemoglobina-paquete-inicial-200-200-pk\/#primaryimage\"},\"thumbnailUrl\":\"https:\/\/www.germainelabs.com\/wp-content\/uploads\/2020\/08\/AimStrip-Hb-Hemoglobin-Starter-Kit.jpg\",\"datePublished\":\"2020-08-16T17:39:18+00:00\",\"dateModified\":\"2022-06-19T18:35:18+00:00\",\"breadcrumb\":{\"@id\":\"https:\/\/www.germainelabs.com\/es\/product\/aimstrip-hemoglobina-paquete-inicial-200-200-pk\/#breadcrumb\"},\"inLanguage\":\"es\",\"potentialAction\":[{\"@type\":\"ReadAction\",\"target\":[\"https:\/\/www.germainelabs.com\/es\/product\/aimstrip-hemoglobina-paquete-inicial-200-200-pk\/\"]}]},{\"@type\":\"ImageObject\",\"inLanguage\":\"es\",\"@id\":\"https:\/\/www.germainelabs.com\/es\/product\/aimstrip-hemoglobina-paquete-inicial-200-200-pk\/#primaryimage\",\"url\":\"https:\/\/www.germainelabs.com\/wp-content\/uploads\/2020\/08\/AimStrip-Hb-Hemoglobin-Starter-Kit.jpg\",\"contentUrl\":\"https:\/\/www.germainelabs.com\/wp-content\/uploads\/2020\/08\/AimStrip-Hb-Hemoglobin-Starter-Kit.jpg\",\"width\":1024,\"height\":1024,\"caption\":\"aimstrip hemoglobin starter kit\"},{\"@type\":\"BreadcrumbList\",\"@id\":\"https:\/\/www.germainelabs.com\/es\/product\/aimstrip-hemoglobina-paquete-inicial-200-200-pk\/#breadcrumb\",\"itemListElement\":[{\"@type\":\"ListItem\",\"position\":1,\"name\":\"Home\",\"item\":\"https:\/\/www.germainelabs.com\/es\/home-es\/\"},{\"@type\":\"ListItem\",\"position\":2,\"name\":\"Tienda\",\"item\":\"https:\/\/www.germainelabs.com\/es\/tienda\/\"},{\"@type\":\"ListItem\",\"position\":3,\"name\":\"AimStrip\u00ae Hemoglobina Paquete Inicial 200, 200\/pk\"}]},{\"@type\":\"WebSite\",\"@id\":\"https:\/\/www.germainelabs.com\/#website\",\"url\":\"https:\/\/www.germainelabs.com\/\",\"name\":\"Germaine Laboratories\",\"description\":\"\",\"publisher\":{\"@id\":\"https:\/\/www.germainelabs.com\/#organization\"},\"potentialAction\":[{\"@type\":\"SearchAction\",\"target\":{\"@type\":\"EntryPoint\",\"urlTemplate\":\"https:\/\/www.germainelabs.com\/?s={search_term_string}\"},\"query-input\":{\"@type\":\"PropertyValueSpecification\",\"valueRequired\":true,\"valueName\":\"search_term_string\"}}],\"inLanguage\":\"es\"},{\"@type\":\"Organization\",\"@id\":\"https:\/\/www.germainelabs.com\/#organization\",\"name\":\"Germaine Laboratories, Inc.\",\"url\":\"https:\/\/www.germainelabs.com\/\",\"logo\":{\"@type\":\"ImageObject\",\"inLanguage\":\"es\",\"@id\":\"https:\/\/www.germainelabs.com\/#\/schema\/logo\/image\/\",\"url\":\"https:\/\/www.germainelabs.com\/wp-content\/uploads\/2020\/08\/Germaine-Laboratories-Logo.png\",\"contentUrl\":\"https:\/\/www.germainelabs.com\/wp-content\/uploads\/2020\/08\/Germaine-Laboratories-Logo.png\",\"width\":900,\"height\":299,\"caption\":\"Germaine Laboratories, Inc.\"},\"image\":{\"@id\":\"https:\/\/www.germainelabs.com\/#\/schema\/logo\/image\/\"}}]}<\/script>\n<!-- \/ Yoast SEO plugin. -->","yoast_head_json":{"title":"AimStrip\u00ae Hemoglobina Paquete Inicial 200, 200\/pk - Germaine Laboratories","robots":{"index":"index","follow":"follow","max-snippet":"max-snippet:-1","max-image-preview":"max-image-preview:large","max-video-preview":"max-video-preview:-1"},"canonical":"https:\/\/www.germainelabs.com\/es\/product\/aimstrip-hemoglobina-paquete-inicial-200-200-pk\/","og_locale":"es_ES","og_type":"article","og_title":"AimStrip\u00ae Hemoglobina Paquete Inicial 200, 200\/pk - Germaine Laboratories","og_description":"Para la determinaci\u00f3n cuantitativa de hemoglobina en sangre entera capilar anticoagulada o sangre entera venosa anticoagulada. CLIA Waved","og_url":"https:\/\/www.germainelabs.com\/es\/product\/aimstrip-hemoglobina-paquete-inicial-200-200-pk\/","og_site_name":"Germaine Laboratories","article_modified_time":"2022-06-19T18:35:18+00:00","og_image":[{"width":1024,"height":1024,"url":"https:\/\/www.germainelabs.com\/wp-content\/uploads\/2020\/08\/AimStrip-Hb-Hemoglobin-Starter-Kit.jpg","type":"image\/jpeg"}],"twitter_card":"summary_large_image","twitter_misc":{"Est. reading time":"1 minuto"},"schema":{"@context":"https:\/\/schema.org","@graph":[{"@type":"WebPage","@id":"https:\/\/www.germainelabs.com\/es\/product\/aimstrip-hemoglobina-paquete-inicial-200-200-pk\/","url":"https:\/\/www.germainelabs.com\/es\/product\/aimstrip-hemoglobina-paquete-inicial-200-200-pk\/","name":"AimStrip\u00ae Hemoglobina Paquete Inicial 200, 200\/pk - Germaine Laboratories","isPartOf":{"@id":"https:\/\/www.germainelabs.com\/#website"},"primaryImageOfPage":{"@id":"https:\/\/www.germainelabs.com\/es\/product\/aimstrip-hemoglobina-paquete-inicial-200-200-pk\/#primaryimage"},"image":{"@id":"https:\/\/www.germainelabs.com\/es\/product\/aimstrip-hemoglobina-paquete-inicial-200-200-pk\/#primaryimage"},"thumbnailUrl":"https:\/\/www.germainelabs.com\/wp-content\/uploads\/2020\/08\/AimStrip-Hb-Hemoglobin-Starter-Kit.jpg","datePublished":"2020-08-16T17:39:18+00:00","dateModified":"2022-06-19T18:35:18+00:00","breadcrumb":{"@id":"https:\/\/www.germainelabs.com\/es\/product\/aimstrip-hemoglobina-paquete-inicial-200-200-pk\/#breadcrumb"},"inLanguage":"es","potentialAction":[{"@type":"ReadAction","target":["https:\/\/www.germainelabs.com\/es\/product\/aimstrip-hemoglobina-paquete-inicial-200-200-pk\/"]}]},{"@type":"ImageObject","inLanguage":"es","@id":"https:\/\/www.germainelabs.com\/es\/product\/aimstrip-hemoglobina-paquete-inicial-200-200-pk\/#primaryimage","url":"https:\/\/www.germainelabs.com\/wp-content\/uploads\/2020\/08\/AimStrip-Hb-Hemoglobin-Starter-Kit.jpg","contentUrl":"https:\/\/www.germainelabs.com\/wp-content\/uploads\/2020\/08\/AimStrip-Hb-Hemoglobin-Starter-Kit.jpg","width":1024,"height":1024,"caption":"aimstrip hemoglobin starter kit"},{"@type":"BreadcrumbList","@id":"https:\/\/www.germainelabs.com\/es\/product\/aimstrip-hemoglobina-paquete-inicial-200-200-pk\/#breadcrumb","itemListElement":[{"@type":"ListItem","position":1,"name":"Home","item":"https:\/\/www.germainelabs.com\/es\/home-es\/"},{"@type":"ListItem","position":2,"name":"Tienda","item":"https:\/\/www.germainelabs.com\/es\/tienda\/"},{"@type":"ListItem","position":3,"name":"AimStrip\u00ae Hemoglobina Paquete Inicial 200, 200\/pk"}]},{"@type":"WebSite","@id":"https:\/\/www.germainelabs.com\/#website","url":"https:\/\/www.germainelabs.com\/","name":"Germaine Laboratories","description":"","publisher":{"@id":"https:\/\/www.germainelabs.com\/#organization"},"potentialAction":[{"@type":"SearchAction","target":{"@type":"EntryPoint","urlTemplate":"https:\/\/www.germainelabs.com\/?s={search_term_string}"},"query-input":{"@type":"PropertyValueSpecification","valueRequired":true,"valueName":"search_term_string"}}],"inLanguage":"es"},{"@type":"Organization","@id":"https:\/\/www.germainelabs.com\/#organization","name":"Germaine Laboratories, Inc.","url":"https:\/\/www.germainelabs.com\/","logo":{"@type":"ImageObject","inLanguage":"es","@id":"https:\/\/www.germainelabs.com\/#\/schema\/logo\/image\/","url":"https:\/\/www.germainelabs.com\/wp-content\/uploads\/2020\/08\/Germaine-Laboratories-Logo.png","contentUrl":"https:\/\/www.germainelabs.com\/wp-content\/uploads\/2020\/08\/Germaine-Laboratories-Logo.png","width":900,"height":299,"caption":"Germaine Laboratories, Inc."},"image":{"@id":"https:\/\/www.germainelabs.com\/#\/schema\/logo\/image\/"}}]}},"jetpack_sharing_enabled":true,"_links":{"self":[{"href":"https:\/\/www.germainelabs.com\/es\/wp-json\/wp\/v2\/product\/938","targetHints":{"allow":["GET"]}}],"collection":[{"href":"https:\/\/www.germainelabs.com\/es\/wp-json\/wp\/v2\/product"}],"about":[{"href":"https:\/\/www.germainelabs.com\/es\/wp-json\/wp\/v2\/types\/product"}],"replies":[{"embeddable":true,"href":"https:\/\/www.germainelabs.com\/es\/wp-json\/wp\/v2\/comments?post=938"}],"wp:featuredmedia":[{"embeddable":true,"href":"https:\/\/www.germainelabs.com\/es\/wp-json\/wp\/v2\/media\/84"}],"wp:attachment":[{"href":"https:\/\/www.germainelabs.com\/es\/wp-json\/wp\/v2\/media?parent=938"}],"wp:term":[{"taxonomy":"product_brand","embeddable":true,"href":"https:\/\/www.germainelabs.com\/es\/wp-json\/wp\/v2\/product_brand?post=938"},{"taxonomy":"product_cat","embeddable":true,"href":"https:\/\/www.germainelabs.com\/es\/wp-json\/wp\/v2\/product_cat?post=938"},{"taxonomy":"product_tag","embeddable":true,"href":"https:\/\/www.germainelabs.com\/es\/wp-json\/wp\/v2\/product_tag?post=938"}],"curies":[{"name":"wp","href":"https:\/\/api.w.org\/{rel}","templated":true}]}}